{"id":639,"date":"2014-04-30T11:12:11","date_gmt":"2014-04-30T09:12:11","guid":{"rendered":"http:\/\/www.mod-personal.de\/wp\/?page_id=639"},"modified":"2014-05-28T09:25:47","modified_gmt":"2014-05-28T07:25:47","slug":"looking-for-a-job-2","status":"publish","type":"page","link":"https:\/\/www.mod-personal.de\/?page_id=639","title":{"rendered":"Looking for a job?"},"content":{"rendered":"<p>Poszukujesz stabilnej, dobrze p\u0142atnej pracy daj\u0105cej mo\u017cliwo\u015b\u0107 rozwoju? Je\u015bli tak, pomo\u017cemy Ci znale\u017a\u0107 przysz\u0142ego pracodawc\u0119 ! Agencja pracy MOD dzia\u0142a ju\u017c od ponad 10 lat.<br \/>\nSzukamy zmotywowanych pracownik\u00f3w dla naszych klient\u00f3w .<\/p>\n<p><strong>Co oferujemy?<\/strong><\/p>\n<p>Indywidualne konsultacje maj\u0105ce na celu znalezienie idealnej pracy dla Ciebie. Je\u015bli poszukujesz pracy jako pracownik produkcji, pracownik handlowy lub jako specjalista techniczny &#8211;\u00a0 mamy dla Ciebie doskona\u0142\u0105 ofert\u0119.<\/p>\n<p>Jeste\u015bmy wiarygodnym pracodawc\u0105, kt\u00f3ry traktuje swoich pracownik\u00f3w z szacunkiem.<br \/>\nZawieramy umowy o prac\u0119 na czas nieokre\u015blony. Oferujemy tak\u017ce niemieckie \u015bwiadczenia socjalne (p\u0142atne urlopy wypoczynkowe oraz chorobowe).<\/p>\n<p><strong>Szukamy:<\/strong><\/p>\n<ul>\n<li>pracownik\u00f3w produkcji<\/li>\n<li>pracownik\u00f3w monta\u017cu<\/li>\n<li>elektryk\u00f3w<\/li>\n<li>spawaczy<\/li>\n<li>mechanik\u00f3w<\/li>\n<li>pracownik\u00f3w magazynu<\/li>\n<li>Malarzy \/ lakiernik\u00f3w<\/li>\n<li>Kasjer\u00f3w<\/li>\n<li>piel\u0119gniarki<\/li>\n<li>In\u017cynier\u00f3w np. w przemy\u015ble lotniczym i in\u017cynierii mechanicznej<\/li>\n<\/ul>\n<p><strong>Czego oczekujemy od Ciebie?<\/strong><\/p>\n<p>Zaanga\u017cowanie, motywacja, jak r\u00f3wnie\u017c niezawodno\u015b\u0107 i punktualno\u015b\u0107 s\u0105 Twoj\u0105 domen\u0105 ? Chcesz wykorzysta\u0107 swoje umiej\u0119tno\u015bci w pracy i jeste\u015b gotowy na nowe wyzwania? W\u0142a\u015bnie Ciebie szukamy!<\/p>\n<p><strong>Wzbudzili\u015bmy Twoje zainteresowanie?<\/strong><\/p>\n<p>Je\u015bli tak, zg\u0142o\u015b si\u0119 do nas. Wy\u015blij swoje Cv oraz referencje.<\/p>\n","protected":false},"excerpt":{"rendered":"<p>Poszukujesz stabilnej, dobrze p\u0142atnej pracy daj\u0105cej mo\u017cliwo\u015b\u0107 rozwoju? Je\u015bli tak, pomo\u017cemy Ci znale\u017a\u0107 przysz\u0142ego pracodawc\u0119 ! Agencja pracy MOD dzia\u0142a ju\u017c od ponad 10 lat. Szukamy zmotywowanych pracownik\u00f3w dla naszych klient\u00f3w . Co oferujemy? Indywidualne konsultacje maj\u0105ce na celu znalezienie idealnej pracy dla Ciebie. Je\u015bli poszukujesz pracy jako pracownik produkcji, pracownik handlowy lub jako specjalista&hellip;<\/p>\n","protected":false},"author":1,"featured_media":0,"parent":0,"menu_order":0,"comment_status":"open","ping_status":"open","template":"","meta":[],"_links":{"self":[{"href":"https:\/\/www.mod-personal.de\/index.php?rest_route=\/wp\/v2\/pages\/639"}],"collection":[{"href":"https:\/\/www.mod-personal.de\/index.php?rest_route=\/wp\/v2\/pages"}],"about":[{"href":"https:\/\/www.mod-personal.de\/index.php?rest_route=\/wp\/v2\/types\/page"}],"author":[{"embeddable":true,"href":"https:\/\/www.mod-personal.de\/index.php?rest_route=\/wp\/v2\/users\/1"}],"replies":[{"embeddable":true,"href":"https:\/\/www.mod-personal.de\/index.php?rest_route=%2Fwp%2Fv2%2Fcomments&post=639"}],"version-history":[{"count":4,"href":"https:\/\/www.mod-personal.de\/index.php?rest_route=\/wp\/v2\/pages\/639\/revisions"}],"predecessor-version":[{"id":693,"href":"https:\/\/www.mod-personal.de\/index.php?rest_route=\/wp\/v2\/pages\/639\/revisions\/693"}],"wp:attachment":[{"href":"https:\/\/www.mod-personal.de\/index.php?rest_route=%2Fwp%2Fv2%2Fmedia&parent=639"}],"curies":[{"name":"wp","href":"https:\/\/api.w.org\/{rel}","templated":true}]}}