{"id":641,"date":"2014-04-30T11:12:33","date_gmt":"2014-04-30T09:12:33","guid":{"rendered":"http:\/\/www.mod-personal.de\/wp\/?page_id=641"},"modified":"2014-05-28T15:22:49","modified_gmt":"2014-05-28T13:22:49","slug":"looking-for-a-job-3","status":"publish","type":"page","link":"https:\/\/www.mod-personal.de\/?page_id=641","title":{"rendered":"Munk\u00e1t keres N\u00e9metorsz\u00e1g \u00e9szaknyugati r\u00e9sz\u00e9n?"},"content":{"rendered":"<p>Akkor n\u00e1lunk j\u00f3 helyen van! A mod m\u00e1r t\u00f6bb mint 10 \u00e9ve \u00e1ll az \u00d6n\u00f6k szolg\u00e1lat\u00e1ra. 19 helyen dolgozunk mint munka er\u0151 k\u00f6zvet\u00edt\u0151 N\u00e9metorsz\u00e1g d\u00e9lnyugati r\u00e9szen \u00e9s keres\u00fcnk munkaer\u0151t a partner c\u00e9geknek.<\/p>\n<h2>Amit \u00d6nnek aj\u00e1nlunk<\/h2>\n<p>Mi biztositunk \u00d6nnek szem\u00e9lyre sz\u00f3l\u00f3 fan\u00e1csad\u00e1st. \u00d6nnel egy\u00fctt keress\u00fck ki az \u00d6nnek megfelel\u00f6 munkat. Hogy a termel\u00e9sben, mint technikas szakember, kereskedelmi v\u00e9gzetts\u00e9gel rendelkez\u00f6 munkat\u00e1rs vagy \u00e1pl\u00f3 szem\u00e9lyzet- mi megtal\u00e1ljuk az alkalmas munk\u00e1t \u00d6nnek.<\/p>\n<p>Mi egy megbizhat\u00f3 munkaad\u00f3 vagyunkm, megbecs\u00fclj\u00fck az alkalmazottainkat. \u00c1lt\u00e1l\u00e1ban egy hat\u00e1rid\u00f6 n\u00e9lk\u00fcli szer\u00f6d\u00e9st k\u00f6t\u00fcnk \u00d6nnel, a b\u00e9rez\u00e9se tarifa ut\u00e1n t\u00f6rtenik, amit mi mindig pontosan fizet\u00fcnk.<\/p>\n<h2>T\u00f6bbek k\u00f6z\u00f6tt a k\u00f6vetkez\u00f6 munkak\u00f6r\u00f6hre keres\u00fcnk munkat\u00e1rsakat:<\/h2>\n<ul>\n<li>Termel\u00e9si munkat\u00e1rs\/<\/li>\n<li>\u00d6sszeszerel\u00f6<\/li>\n<li>Villanyszerel\u00f6<\/li>\n<li>Hegeszt\u00f6<\/li>\n<li>Mechanikus<\/li>\n<li>Raktari Munkas<\/li>\n<li>Fest\u00f6\/F\u00e9nyez\u00f6<\/li>\n<li>P\u00e9nzt\u00e1ros<\/li>\n<li>\u00c0pol\u00f3<\/li>\n<li>Id\u00f6s Gondoz\u00f3<\/li>\n<li>M\u00e9rn\u00f6k pl rep\u00fcl\u00f6g\u00e9p, g\u00e9p\u00e9szm\u00e9rn\u00f6k<\/li>\n<\/ul>\n<h2>A mi elv\u00e1r\u00e1saink<\/h2>\n<p>Teljesit\u00e9s es motiv\u00e1cio, megbizhat\u00f3s\u00e1g \u00e9s pontoss\u00e1g \u00d6nnek term\u00e9szetes? Szeretn\u00e9 a k\u00e9pess\u00e9geit a munk\u00e1jaba belefeketni \u00e9s nyitott \u00d6n \u00faj feladatok irant? Akkor mi j\u00f3l \u00f6sszeill\u00fcnk!<\/p>\n<h2>Felkeltett\u00fck az \u00e9rdekl\u00f6d\u00e9s\u00e9t?<\/h2>\n<p>Akkor meg k\u00e9ne ismerkedn\u00fcnk.<\/p>\n","protected":false},"excerpt":{"rendered":"<p>Akkor n\u00e1lunk j\u00f3 helyen van! A mod m\u00e1r t\u00f6bb mint 10 \u00e9ve \u00e1ll az \u00d6n\u00f6k szolg\u00e1lat\u00e1ra. 19 helyen dolgozunk mint munka er\u0151 k\u00f6zvet\u00edt\u0151 N\u00e9metorsz\u00e1g d\u00e9lnyugati r\u00e9szen \u00e9s keres\u00fcnk munkaer\u0151t a partner c\u00e9geknek. Amit \u00d6nnek aj\u00e1nlunk Mi biztositunk \u00d6nnek szem\u00e9lyre sz\u00f3l\u00f3 fan\u00e1csad\u00e1st. \u00d6nnel egy\u00fctt keress\u00fck ki az \u00d6nnek megfelel\u00f6 munkat. Hogy a termel\u00e9sben, mint technikas szakember,&hellip;<\/p>\n","protected":false},"author":1,"featured_media":0,"parent":0,"menu_order":0,"comment_status":"open","ping_status":"open","template":"","meta":[],"_links":{"self":[{"href":"https:\/\/www.mod-personal.de\/index.php?rest_route=\/wp\/v2\/pages\/641"}],"collection":[{"href":"https:\/\/www.mod-personal.de\/index.php?rest_route=\/wp\/v2\/pages"}],"about":[{"href":"https:\/\/www.mod-personal.de\/index.php?rest_route=\/wp\/v2\/types\/page"}],"author":[{"embeddable":true,"href":"https:\/\/www.mod-personal.de\/index.php?rest_route=\/wp\/v2\/users\/1"}],"replies":[{"embeddable":true,"href":"https:\/\/www.mod-personal.de\/index.php?rest_route=%2Fwp%2Fv2%2Fcomments&post=641"}],"version-history":[{"count":2,"href":"https:\/\/www.mod-personal.de\/index.php?rest_route=\/wp\/v2\/pages\/641\/revisions"}],"predecessor-version":[{"id":700,"href":"https:\/\/www.mod-personal.de\/index.php?rest_route=\/wp\/v2\/pages\/641\/revisions\/700"}],"wp:attachment":[{"href":"https:\/\/www.mod-personal.de\/index.php?rest_route=%2Fwp%2Fv2%2Fmedia&parent=641"}],"curies":[{"name":"wp","href":"https:\/\/api.w.org\/{rel}","templated":true}]}}