{"id":647,"date":"2014-04-30T11:13:33","date_gmt":"2014-04-30T09:13:33","guid":{"rendered":"http:\/\/www.mod-personal.de\/wp\/?page_id=647"},"modified":"2014-05-28T15:25:05","modified_gmt":"2014-05-28T13:25:05","slug":"looking-for-a-job-6","status":"publish","type":"page","link":"https:\/\/www.mod-personal.de\/?page_id=647","title":{"rendered":"Busca trabajo en el suroeste de Alemania?"},"content":{"rendered":"<p>Entonces ha llegado al sitio correcto ! mod tiene m\u00e1s de 10 a\u00f1os de experiencia como agencia de empleo.<\/p>\n<p><strong>Lo que le aportamos<\/strong><\/p>\n<p>Nuestro equipo esta a su disposicion para ofrecele un\u00a0 asesoramiento individual y personalizado. Juntos, vamos abuscar el empleo adaptado a su perfil. Que usted sea operario de producci\u00f3n, especialista en t\u00e9cnica, administraci\u00f3n o enfermeria &#8211;\u00a0 tenemos el trabajo que le convenga.<\/p>\n<p>Ofrecemos un servicio r\u00e1pido con altos niveles de calidad y fiabilidad\u00a0 y valoramos a nuestros trabajadores.\u00a0 Por lo general, firmamos\u00a0 con usted un contrato indefinido. Nos comprometimos a pagarle en tiempo y por lo menos al m\u00ednimo establecido por convenio colectivo de nuestro sector.<\/p>\n<p><strong>Estamos buscando por ejemplo:<\/strong><\/p>\n<ul>\n<li>operario\/operaria de producci\u00f3n<\/li>\n<li>almacenista<\/li>\n<li>electricista<\/li>\n<li>mec\u00e1nico\/mec\u00e1nica<\/li>\n<li>pintor\/pintora cajero\/cajera<\/li>\n<li>cuidador\/cuidadoraingeniero\/ingeniera en el aeroespacial o en la mec\u00e1nica por ejemplo<\/li>\n<\/ul>\n<p><strong>\u00a0Lo que esperamos de usted<\/strong><\/p>\n<p>\u00bfCompromiso y motivaci\u00f3n, as\u00ed como fiabilidad y puntualidad son naturales para usted? Quiere desarrollar sus habilidades en su trabajo y esta abiertos a nuevas tareas. Pues encaja perfectamente a lo que buscamos !<\/p>\n<p><strong>\u00bfHemos despertado su inter\u00e9s?<\/strong><\/p>\n<p>Tendr\u00edamos entonces que conocernos!<\/p>\n<p>&nbsp;<\/p>\n","protected":false},"excerpt":{"rendered":"<p>Entonces ha llegado al sitio correcto ! mod tiene m\u00e1s de 10 a\u00f1os de experiencia como agencia de empleo. Lo que le aportamos Nuestro equipo esta a su disposicion para ofrecele un\u00a0 asesoramiento individual y personalizado. Juntos, vamos abuscar el empleo adaptado a su perfil. Que usted sea operario de producci\u00f3n, especialista en t\u00e9cnica, administraci\u00f3n&hellip;<\/p>\n","protected":false},"author":1,"featured_media":0,"parent":0,"menu_order":0,"comment_status":"open","ping_status":"open","template":"","meta":[],"_links":{"self":[{"href":"https:\/\/www.mod-personal.de\/index.php?rest_route=\/wp\/v2\/pages\/647"}],"collection":[{"href":"https:\/\/www.mod-personal.de\/index.php?rest_route=\/wp\/v2\/pages"}],"about":[{"href":"https:\/\/www.mod-personal.de\/index.php?rest_route=\/wp\/v2\/types\/page"}],"author":[{"embeddable":true,"href":"https:\/\/www.mod-personal.de\/index.php?rest_route=\/wp\/v2\/users\/1"}],"replies":[{"embeddable":true,"href":"https:\/\/www.mod-personal.de\/index.php?rest_route=%2Fwp%2Fv2%2Fcomments&post=647"}],"version-history":[{"count":2,"href":"https:\/\/www.mod-personal.de\/index.php?rest_route=\/wp\/v2\/pages\/647\/revisions"}],"predecessor-version":[{"id":702,"href":"https:\/\/www.mod-personal.de\/index.php?rest_route=\/wp\/v2\/pages\/647\/revisions\/702"}],"wp:attachment":[{"href":"https:\/\/www.mod-personal.de\/index.php?rest_route=%2Fwp%2Fv2%2Fmedia&parent=647"}],"curies":[{"name":"wp","href":"https:\/\/api.w.org\/{rel}","templated":true}]}}