{"id":664,"date":"2014-05-16T13:32:45","date_gmt":"2014-05-16T11:32:45","guid":{"rendered":"http:\/\/www.mod-personal.de\/wp\/?page_id=664"},"modified":"2014-05-16T13:32:45","modified_gmt":"2014-05-16T11:32:45","slug":"sie-suchen-personal-fuer-ihr-unternehmen","status":"publish","type":"page","link":"https:\/\/www.mod-personal.de\/?page_id=664","title":{"rendered":"Sie suchen Personal f\u00fcr Ihr Unternehmen?"},"content":{"rendered":"<p>Dann sind Sie hier bei mod in guten H\u00e4nden\u2026<\/p>\n<p>Da auch qualifiziertes Personal nicht auf B\u00e4umen w\u00e4chst, sollten Sie sich gleich von Beginn an, an mod-Personaldienstleistungen wenden \u00a0um nach geeigneten Mitarbeitern zu suchen.<\/p>\n<p>mod bietet rasch, unkompliziert und kalkulierbar Arbeitsleistung dorthin, wo kurzfristig zus\u00e4tzlicher Personaleinsatz erforderlich ist. Auch Urlaubs- und Ausfallzeiten lassen sich in geradezu idealer Weise durch den Einsatz von Zeitpersonal \u00fcberbr\u00fccken. Und das ohne aufw\u00e4ndige Beschaffungs- und Einstellungsaktivit\u00e4ten, ohne Verwaltungsaufwand und ohne die \u00fcblichen Arbeitgeberpflichten.<\/p>\n<p>Durch wechselnde Eins\u00e4tze, erlangen unsere Mitarbeiter Gelegenheit zur beruflichen Weiterentwicklung und zu h\u00f6herer Berufserfahrung. Sie sind es gewohnt, sich schnell in der jeweiligen betrieblichen Organisation zurechtzufinden. Unternehmen haben die M\u00f6glichkeit, die externen Mitarbeiter kennen zu lernen und bei Eignung fest in ihren Personalbestand zu \u00fcbernehmen.<\/p>\n","protected":false},"excerpt":{"rendered":"<p>Dann sind Sie hier bei mod in guten H\u00e4nden\u2026 Da auch qualifiziertes Personal nicht auf B\u00e4umen w\u00e4chst, sollten Sie sich gleich von Beginn an, an mod-Personaldienstleistungen wenden \u00a0um nach geeigneten Mitarbeitern zu suchen. mod bietet rasch, unkompliziert und kalkulierbar Arbeitsleistung dorthin, wo kurzfristig zus\u00e4tzlicher Personaleinsatz erforderlich ist. Auch Urlaubs- und Ausfallzeiten lassen sich in geradezu&hellip;<\/p>\n","protected":false},"author":1,"featured_media":0,"parent":0,"menu_order":0,"comment_status":"open","ping_status":"open","template":"","meta":[],"_links":{"self":[{"href":"https:\/\/www.mod-personal.de\/index.php?rest_route=\/wp\/v2\/pages\/664"}],"collection":[{"href":"https:\/\/www.mod-personal.de\/index.php?rest_route=\/wp\/v2\/pages"}],"about":[{"href":"https:\/\/www.mod-personal.de\/index.php?rest_route=\/wp\/v2\/types\/page"}],"author":[{"embeddable":true,"href":"https:\/\/www.mod-personal.de\/index.php?rest_route=\/wp\/v2\/users\/1"}],"replies":[{"embeddable":true,"href":"https:\/\/www.mod-personal.de\/index.php?rest_route=%2Fwp%2Fv2%2Fcomments&post=664"}],"version-history":[{"count":1,"href":"https:\/\/www.mod-personal.de\/index.php?rest_route=\/wp\/v2\/pages\/664\/revisions"}],"predecessor-version":[{"id":665,"href":"https:\/\/www.mod-personal.de\/index.php?rest_route=\/wp\/v2\/pages\/664\/revisions\/665"}],"wp:attachment":[{"href":"https:\/\/www.mod-personal.de\/index.php?rest_route=%2Fwp%2Fv2%2Fmedia&parent=664"}],"curies":[{"name":"wp","href":"https:\/\/api.w.org\/{rel}","templated":true}]}}